{"id":70,"date":"2017-01-05T12:32:28","date_gmt":"2017-01-05T11:32:28","guid":{"rendered":"http:\/\/www.naturweg.ch\/nwwp\/?page_id=70"},"modified":"2026-02-25T17:56:58","modified_gmt":"2026-02-25T16:56:58","slug":"startseite","status":"publish","type":"page","link":"https:\/\/www.naturweg.ch\/naturweg\/","title":{"rendered":"Willkommen"},"content":{"rendered":"<p>\r\n<h4><span style=\"color: #3366ff; font-family: comic sans ms,sans-serif; font-size: 18pt;\"><strong>Der Weg ist das Ziel &#8230;<\/strong><\/span><br><span style=\"color: #3366ff; font-family: comic sans ms,sans-serif; font-size: 18pt;\"><span style=\"color: #3366ff; font-family: comic sans ms,sans-serif; font-size: 14pt;\"><span style=\"color: #339966;\"><span style=\"color: #808080;\">Gerne begr\u00fcsse ich alle auf meiner Homepage:<\/span><\/span><\/span><\/span><\/h4>\r\n<div style=\"text-align: left;\"><span style=\"color: #3366ff; font-family: comic sans ms,sans-serif; font-size: 24pt;\"><strong><span style=\"color: #3366ff; font-family: comic sans ms,sans-serif;\"><span style=\"color: #339966;\">naturweg.ch<\/span><\/span><\/strong><\/span><\/div>\r\n<div><span style=\"color: #339966; font-family: comic sans ms,sans-serif;\"><span style=\"font-size: 12pt;\"><span style=\"font-family: comic sans ms,sans-serif;\">In der Natur <span style=\"color: #339966; font-family: Comic Sans MS;\">naturverbunden<\/span> auf dem Naturweg&nbsp;unterwegs,<\/span><\/span><\/span><\/div>\r\n<p><span style=\"color: #339966; font-family: comic sans ms,sans-serif;\"><span style=\"font-size: 12pt;\"><span style=\"font-family: comic sans ms,sans-serif;\">ist Erholung vom Alltag und Balsam f\u00fcr die Seele.<\/span><\/span><\/span><\/p>\r\n<p><img loading=\"lazy\" decoding=\"async\" class=\"size-medium wp-image-17878\" src=\"https:\/\/www.naturweg.ch\/naturweg\/wp-content\/uploads\/2026\/02\/IMG_20260225_175428-300x218.jpg\" alt=\"\" width=\"300\" height=\"218\" srcset=\"https:\/\/www.naturweg.ch\/naturweg\/wp-content\/uploads\/2026\/02\/IMG_20260225_175428-300x218.jpg 300w, https:\/\/www.naturweg.ch\/naturweg\/wp-content\/uploads\/2026\/02\/IMG_20260225_175428-1024x744.jpg 1024w, https:\/\/www.naturweg.ch\/naturweg\/wp-content\/uploads\/2026\/02\/IMG_20260225_175428-768x558.jpg 768w, https:\/\/www.naturweg.ch\/naturweg\/wp-content\/uploads\/2026\/02\/IMG_20260225_175428-1536x1117.jpg 1536w, https:\/\/www.naturweg.ch\/naturweg\/wp-content\/uploads\/2026\/02\/IMG_20260225_175428-2048x1489.jpg 2048w, https:\/\/www.naturweg.ch\/naturweg\/wp-content\/uploads\/2026\/02\/IMG_20260225_175428-676x491.jpg 676w\" sizes=\"auto, (max-width: 300px) 100vw, 300px\" \/><\/p>\r\n<h4><span style=\"font-family: comic sans ms,sans-serif;\"><span style=\"font-size: 12pt;\"><span style=\"color: #3366ff; font-family: comic sans ms,sans-serif;\">Mir ist alles mit und um die Natur wichtig und<\/span><\/span><\/span><br><span style=\"font-family: comic sans ms,sans-serif;\"><span style=\"font-size: 12pt;\"><span style=\"color: #3366ff; font-family: comic sans ms,sans-serif;\">es liegt mir am Herzen die Natur zu sch\u00e4tzen.<\/span><\/span><\/span><br><span style=\"font-family: comic sans ms,sans-serif;\"><span style=\"font-size: 12pt;\"><span style=\"color: #3366ff; font-family: comic sans ms,sans-serif;\">Der Einsatz f\u00fcr eine intakte Natur<\/span><\/span><\/span><br><span style=\"font-family: comic sans ms,sans-serif;\"><span style=\"font-size: 12pt;\"><span style=\"color: #3366ff; font-family: comic sans ms,sans-serif;\">und somit f\u00fcr eine <\/span><\/span><\/span><span style=\"font-family: comic sans ms,sans-serif;\"><span style=\"font-size: 12pt;\"><span style=\"color: #3366ff; font-family: comic sans ms,sans-serif;\">lebenswerte Zukunft<\/span><\/span><\/span><br><span style=\"font-family: comic sans ms,sans-serif;\"><span style=\"font-size: 12pt;\"><span style=\"color: #3366ff; font-family: comic sans ms,sans-serif;\">lohnt sich f\u00fcr Mensch und Tier.<\/span><\/span><\/span><br><span style=\"font-family: comic sans ms,sans-serif;\"><span style=\"font-size: 12pt;\"><span style=\"color: #3366ff; font-family: comic sans ms,sans-serif;\">Dazu eine Welt mit Frieden und Freiheit zum Wohle aller.<\/span><\/span><\/span><br><strong><span style=\"font-family: comic sans ms,sans-serif;\"><span style=\"font-size: 12pt;\"><span style=\"color: #3366ff; font-family: comic sans ms,sans-serif;\">Alle zusammen erreichen sehr viel, danke.<\/span><\/span><\/span><\/strong><\/h4>\r\n<p>&nbsp;<\/p>","protected":false},"excerpt":{"rendered":"<p>Der Weg ist das Ziel &#8230;Gerne begr\u00fcsse ich alle auf meiner Homepage: naturweg.ch In der Natur naturverbunden auf dem Naturweg&nbsp;unterwegs, ist Erholung vom Alltag und Balsam f\u00fcr die Seele. Mir ist alles mit und um die Natur wichtig undes liegt mir am Herzen die Natur zu sch\u00e4tzen.Der Einsatz f\u00fcr eine intakte Naturund somit f\u00fcr eine [&hellip;]<\/p>\n","protected":false},"author":1,"featured_media":0,"parent":0,"menu_order":0,"comment_status":"closed","ping_status":"closed","template":"","meta":{"ngg_post_thumbnail":0,"footnotes":""},"class_list":["post-70","page","type-page","status-publish","hentry","post-preview"],"_links":{"self":[{"href":"https:\/\/www.naturweg.ch\/naturweg\/wp-json\/wp\/v2\/pages\/70","targetHints":{"allow":["GET"]}}],"collection":[{"href":"https:\/\/www.naturweg.ch\/naturweg\/wp-json\/wp\/v2\/pages"}],"about":[{"href":"https:\/\/www.naturweg.ch\/naturweg\/wp-json\/wp\/v2\/types\/page"}],"author":[{"embeddable":true,"href":"https:\/\/www.naturweg.ch\/naturweg\/wp-json\/wp\/v2\/users\/1"}],"replies":[{"embeddable":true,"href":"https:\/\/www.naturweg.ch\/naturweg\/wp-json\/wp\/v2\/comments?post=70"}],"version-history":[{"count":228,"href":"https:\/\/www.naturweg.ch\/naturweg\/wp-json\/wp\/v2\/pages\/70\/revisions"}],"predecessor-version":[{"id":17879,"href":"https:\/\/www.naturweg.ch\/naturweg\/wp-json\/wp\/v2\/pages\/70\/revisions\/17879"}],"wp:attachment":[{"href":"https:\/\/www.naturweg.ch\/naturweg\/wp-json\/wp\/v2\/media?parent=70"}],"curies":[{"name":"wp","href":"https:\/\/api.w.org\/{rel}","templated":true}]}}