{"id":550,"date":"2017-01-13T11:14:40","date_gmt":"2017-01-13T10:14:40","guid":{"rendered":"http:\/\/www.naturweg.ch\/naturweg\/?page_id=550"},"modified":"2019-09-06T12:07:57","modified_gmt":"2019-09-06T10:07:57","slug":"zitate-und-weisheiten","status":"publish","type":"page","link":"https:\/\/www.naturweg.ch\/naturweg\/zitate-und-weisheiten\/","title":{"rendered":"Zitate und Weisheiten"},"content":{"rendered":"<table class=\"mceItemTable\" style=\"width: 319px; height: 3537px;\" border=\"0\">\n<tbody>\n<tr>\n<td class=\"Cgreen\" style=\"width: 309px; text-align: left;\">\n<h3 style=\"text-align: center;\"><span style=\"color: rgb(51, 102, 255);\">Musik kann die Welt ver\u00e4ndern.<\/span><\/h3>\n<h3 style=\"text-align: center;\"><span style=\"color: rgb(51, 102, 255);\">Ludwig van Beethoven<\/span><\/h3>\n<\/td>\n<\/tr>\n<tr>\n<td class=\"Cgreen\" style=\"width: 309px; text-align: left;\">\n<h3><span style=\"font-size: 14pt;\">Gehe einmal im Jahr dorthin,<\/span><br \/>\n<span style=\"font-size: 14pt;\">wo du noch niemals warst.<\/span><br \/>\n<span style=\"font-size: 14pt;\">(Dalai Lama)<\/span><\/h3>\n<\/td>\n<\/tr>\n<tr>\n<td class=\"Cgreen\" style=\"width: 309px; text-align: left;\">\n<h3 style=\"text-align: center;\"><span style=\"color: rgb(0, 128, 0);\">Pflege der Musik, das ist die Ausbildung der inneren Harmonie.<\/span><\/h3>\n<h3 style=\"text-align: center;\"><span style=\"color: rgb(0, 128, 0);\">Konfuzius<\/span><\/h3>\n<\/td>\n<\/tr>\n<tr>\n<td class=\"Cgreen\" style=\"width: 309px; text-align: left;\">&nbsp;<\/td>\n<\/tr>\n<tr>\n<td class=\"Cgreen\" style=\"width: 309px; text-align: left;\">\n<div style=\"text-align: center;\"><strong><span style=\"font-size: 14pt;\">&nbsp;<span style=\"color: rgb(102, 102, 153);\">Es gibt 3 Arten von Menschen:<\/span><\/span><\/strong><\/div>\n<h3 style=\"text-align: center;\"><span style=\"color: rgb(102, 102, 153); font-size: 14pt;\">Wenige, die daf\u00fcr sorgen,<\/span><\/h3>\n<h3 style=\"text-align: center;\"><span style=\"color: rgb(102, 102, 153); font-size: 14pt;\">dass etwas geschieht,<\/span><\/h3>\n<h3 style=\"text-align: center;\"><span style=\"color: rgb(102, 102, 153); font-size: 14pt;\">Viele, die zuschauen,<\/span><\/h3>\n<h3 style=\"text-align: center;\"><span style=\"color: rgb(102, 102, 153); font-size: 14pt;\">wie etwas geschieht<\/span><\/h3>\n<h3 style=\"text-align: center;\"><span style=\"color: rgb(102, 102, 153); font-size: 14pt;\">und die Mehrheit,<\/span><\/h3>\n<h3 style=\"text-align: center;\"><span style=\"color: rgb(102, 102, 153); font-size: 14pt;\">die keine Ahnung hat,<\/span><\/h3>\n<h3 style=\"text-align: center;\"><span style=\"color: rgb(102, 102, 153); font-size: 14pt;\">was geschieht.<\/span><\/h3>\n<\/td>\n<\/tr>\n<tr>\n<td class=\"Cyellow\" style=\"width: 309px; text-align: left;\">\n<h3 style=\"text-align: center;\"><span style=\"color: rgb(0, 0, 255);\">&nbsp;Wie viel kl\u00fcger ist doch das Tier als der Mensch:<\/span><\/h3>\n<h3 style=\"text-align: center;\"><span style=\"color: rgb(0, 0, 255);\">Wenn dieses etwas bedarf,<\/span><\/h3>\n<h3 style=\"text-align: center;\"><span style=\"color: rgb(0, 0, 255);\">weiss es, wie viel.<\/span><\/h3>\n<h3 style=\"text-align: center;\"><span style=\"color: rgb(0, 0, 255);\">Der Mensch aber,<\/span><\/h3>\n<h3 style=\"text-align: center;\"><span style=\"color: rgb(0, 0, 255);\">der etwas bedarf,<\/span><\/h3>\n<h3 style=\"text-align: center;\"><span style=\"color: rgb(0, 0, 255);\">erkennt dies nicht!<\/span><\/h3>\n<\/td>\n<\/tr>\n<tr>\n<td class=\"Cyellow\" style=\"width: 309px; text-align: left;\">\n<h3 style=\"text-align: center;\">&nbsp;<\/h3>\n<\/td>\n<\/tr>\n<tr>\n<td class=\"Cred\" style=\"width: 309px; text-align: left;\">\n<h3 style=\"text-align: center;\"><span style=\"color: rgb(0, 0, 0);\">Erholung in der Natur ist das Salz der Arbeit.<\/span><\/h3>\n<\/td>\n<\/tr>\n<tr>\n<td class=\"Cred\" style=\"width: 309px; text-align: left;\">\n<h3 style=\"text-align: center;\">&nbsp;<\/h3>\n<\/td>\n<\/tr>\n<tr>\n<td class=\"Cdarkred\" style=\"width: 309px; text-align: left;\">\n<h3 style=\"text-align: center;\"><span style=\"color: rgb(128, 0, 128);\">&nbsp;<\/span><strong><span style=\"color: rgb(255, 255, 0);\"><span style=\"color: rgb(128, 0, 128);\">Reich an Geld, arm an Freuden<\/span>.<\/span><\/strong><\/h3>\n<\/td>\n<\/tr>\n<tr>\n<td class=\"Cdarkred\" style=\"width: 309px; text-align: left;\">\n<h3 style=\"text-align: center;\">&nbsp;<\/h3>\n<\/td>\n<\/tr>\n<tr>\n<td class=\"Cdarkred\" style=\"width: 309px; text-align: left;\">\n<h3 style=\"text-align: center;\"><span style=\"color: rgb(255, 102, 0);\">&nbsp;Lasst uns die Sonne geniessen,<\/span><\/h3>\n<h3 style=\"text-align: center;\"><span style=\"color: rgb(192, 192, 192);\">&nbsp;<span style=\"color: rgb(255, 102, 0);\">auf dass viele Sprossen spriessen.<\/span><\/span><\/h3>\n<h3 style=\"text-align: center;\"><span style=\"color: rgb(192, 192, 192);\"><span style=\"color: rgb(255, 102, 0);\">Daraus die Sch\u00f6nheit gedeiht,<\/span><\/span><\/h3>\n<h3 style=\"text-align: center;\"><span style=\"color: rgb(192, 192, 192);\"><span style=\"color: rgb(255, 102, 0);\">der Natur&nbsp;die Goldmedaille verleiht.<\/span><\/span><\/h3>\n<\/td>\n<\/tr>\n<tr>\n<td style=\"width: 309px; text-align: left;\">\n<h3>&nbsp;<\/h3>\n<\/td>\n<\/tr>\n<tr>\n<td class=\"Mgreen\" style=\"width: 309px;\">\n<h3 style=\"text-align: center;\"><span style=\"color: rgb(0, 0, 128);\">&nbsp;Viele w\u00fcrden gerne ein einfaches Leben f\u00fchren,<\/span><\/h3>\n<h3 style=\"text-align: center;\"><span style=\"color: rgb(0, 0, 128);\">wenn der Weg dahin nicht so kompliziert w\u00e4re.<\/span><\/h3>\n<\/td>\n<\/tr>\n<tr>\n<td style=\"width: 309px;\">\n<h3>&nbsp;<\/h3>\n<\/td>\n<\/tr>\n<tr>\n<td style=\"width: 309px;\">\n<h3 style=\"text-align: center;\"><span style=\"color: rgb(192, 192, 192);\"><strong>Wer mit den F\u00fcssen die Welt erkundet,<\/strong>&nbsp;<\/span><\/h3>\n<h3 style=\"text-align: center;\"><strong><span style=\"color: rgb(192, 192, 192);\">sieht und f\u00fchlt mehr.<\/span><\/strong><\/h3>\n<\/td>\n<\/tr>\n<tr>\n<td style=\"width: 309px;\">\n<h3 style=\"text-align: center;\"><span style=\"color: rgb(255, 102, 0);\">&nbsp;<\/span><\/h3>\n<\/td>\n<\/tr>\n<tr>\n<td class=\"Mpetrol\" style=\"width: 309px;\">\n<h3 style=\"text-align: center;\"><span style=\"color: rgb(0, 128, 0);\">&nbsp;Alles was gegen die Natur ist,<\/span><\/h3>\n<h3 style=\"text-align: center;\"><span style=\"color: rgb(0, 128, 0);\">hat auf die Dauer keinen Bestand.<br \/>\n&nbsp;&nbsp;&nbsp;&nbsp;&nbsp;&nbsp;&nbsp;&nbsp;&nbsp;&nbsp;&nbsp;&nbsp;&nbsp;&nbsp;&nbsp;&nbsp;&nbsp;&nbsp;&nbsp;&nbsp;&nbsp;&nbsp;&nbsp;&nbsp;&nbsp;&nbsp;&nbsp;&nbsp;&nbsp;&nbsp;&nbsp;&nbsp;&nbsp;&nbsp;&nbsp;&nbsp;&nbsp;&nbsp;&nbsp;<span style=\"font-size: 8pt;\">Charles Darwin<\/span><\/span><\/h3>\n<\/td>\n<\/tr>\n<tr>\n<td style=\"width: 309px;\">\n<h3>&nbsp;<\/h3>\n<\/td>\n<\/tr>\n<tr>\n<td style=\"width: 309px;\">\n<h3 style=\"text-align: center;\"><span style=\"color: rgb(0, 0, 255);\">Unt\u00e4tigkeit schw\u00e4cht, \u00dcbung st\u00e4rkt, <\/span><\/h3>\n<h3 style=\"text-align: center;\"><span style=\"color: rgb(0, 0, 255);\">\u00dcberlastung schadet.<\/span><\/h3>\n<h3 style=\"text-align: center;\"><span style=\"color: rgb(0, 0, 255);\"><span style=\"font-size: 8pt;\">Sebastian Kneipp<\/span><\/span><\/h3>\n<\/td>\n<\/tr>\n<tr>\n<td style=\"width: 309px;\">\n<h3 style=\"text-align: center;\"><span style=\"color: rgb(0, 0, 255);\">&nbsp;<\/span><\/h3>\n<\/td>\n<\/tr>\n<tr>\n<td style=\"width: 309px;\">\n<h3 style=\"text-align: center;\"><span style=\"color: rgb(136, 136, 136);\">Wenn du auf dem Gipfel ankommst,<\/span><span style=\"color: rgb(128, 128, 128);\">gehe weiter.<\/span><span style=\"color: rgb(128, 128, 128);\">&nbsp;<\/span><span style=\"font-size: 8pt;\"><span style=\"color: rgb(128, 128, 128);\">Tibetisches Sprichwort<\/span><\/span><\/h3>\n<\/td>\n<\/tr>\n<tr>\n<td style=\"width: 309px;\">&nbsp;<\/td>\n<\/tr>\n<tr>\n<td class=\"Mred\" style=\"width: 309px;\">\n<h3 style=\"text-align: center;\">&nbsp;<span style=\"color: rgb(255, 0, 255);\">Wir leben in einem gef\u00e4hrlichen Zeitalter.<\/span><\/h3>\n<h3 style=\"text-align: center;\"><span style=\"color: rgb(255, 0, 255);\">&nbsp;Der Mensch beherrscht die Natur,<\/span><\/h3>\n<h3 style=\"text-align: center;\"><span style=\"color: rgb(255, 0, 255);\">bevor er gelernt hat, sich selber zu<\/span><span style=\"color: rgb(255, 0, 255);\">beherrschen.<\/span><span style=\"color: rgb(255, 0, 255);\"><span style=\"font-size: 8pt;\">Albert Schweizer<\/span><\/span><\/h3>\n<\/td>\n<\/tr>\n<tr>\n<td class=\"Mred\" style=\"width: 309px;\">\n<h3>&nbsp;<\/h3>\n<\/td>\n<\/tr>\n<tr>\n<td style=\"width: 309px;\">\n<h3 style=\"text-align: center;\">Zwei Dinge sollen die Kinder von ihren Eltern bekommen:<\/h3>\n<h3 style=\"text-align: center;\"><strong>Wurzeln und Fl\u00fcgel.<\/strong><br \/>\n<span style=\"font-size: 10pt;\"><em>Johann Wolfgang von Goethe, 1749 &#8211; 1832, dt. Dichter<\/em><\/span><\/h3>\n<\/td>\n<\/tr>\n<tr>\n<td style=\"width: 309px;\">\n<h3 style=\"text-align: center;\">&nbsp;<\/h3>\n<\/td>\n<\/tr>\n<tr>\n<td style=\"width: 309px;\">\n<h3 style=\"text-align: center;\"><span style=\"color: rgb(0, 128, 0);\">Vieles w\u00fcnscht sich der Mensch<br \/>\nund doch bedarf er nur wenig.<br \/>\n<span style=\"font-size: 10pt;\"><em>Johann Wolfgang von Goethe, 1749 &#8211; 1832, dt. Dichter<\/em><\/span><\/span>&nbsp;<\/h3>\n<\/td>\n<\/tr>\n<\/tbody>\n<\/table>\n<p>&nbsp;<\/p>\n","protected":false},"excerpt":{"rendered":"<p>Musik kann die Welt ver\u00e4ndern. Ludwig van Beethoven Gehe einmal im Jahr dorthin, wo du noch niemals warst. (Dalai Lama) Pflege der Musik, das ist die Ausbildung der inneren Harmonie. Konfuzius &nbsp; &nbsp;Es gibt 3 Arten von Menschen: Wenige, die daf\u00fcr sorgen, dass etwas geschieht, Viele, die zuschauen, wie etwas geschieht und die Mehrheit, die [&hellip;]<\/p>\n","protected":false},"author":1,"featured_media":0,"parent":0,"menu_order":0,"comment_status":"closed","ping_status":"closed","template":"","meta":{"ngg_post_thumbnail":0,"footnotes":""},"class_list":["post-550","page","type-page","status-publish","hentry","post-preview"],"_links":{"self":[{"href":"https:\/\/www.naturweg.ch\/naturweg\/wp-json\/wp\/v2\/pages\/550","targetHints":{"allow":["GET"]}}],"collection":[{"href":"https:\/\/www.naturweg.ch\/naturweg\/wp-json\/wp\/v2\/pages"}],"about":[{"href":"https:\/\/www.naturweg.ch\/naturweg\/wp-json\/wp\/v2\/types\/page"}],"author":[{"embeddable":true,"href":"https:\/\/www.naturweg.ch\/naturweg\/wp-json\/wp\/v2\/users\/1"}],"replies":[{"embeddable":true,"href":"https:\/\/www.naturweg.ch\/naturweg\/wp-json\/wp\/v2\/comments?post=550"}],"version-history":[{"count":3,"href":"https:\/\/www.naturweg.ch\/naturweg\/wp-json\/wp\/v2\/pages\/550\/revisions"}],"predecessor-version":[{"id":8226,"href":"https:\/\/www.naturweg.ch\/naturweg\/wp-json\/wp\/v2\/pages\/550\/revisions\/8226"}],"wp:attachment":[{"href":"https:\/\/www.naturweg.ch\/naturweg\/wp-json\/wp\/v2\/media?parent=550"}],"curies":[{"name":"wp","href":"https:\/\/api.w.org\/{rel}","templated":true}]}}