{"id":4639,"date":"2017-03-21T17:15:15","date_gmt":"2017-03-21T16:15:15","guid":{"rendered":"http:\/\/www.naturweg.ch\/naturweg\/?page_id=4639"},"modified":"2017-07-21T16:48:43","modified_gmt":"2017-07-21T14:48:43","slug":"computer","status":"publish","type":"page","link":"https:\/\/www.naturweg.ch\/naturweg\/digital\/computer\/","title":{"rendered":"Computer"},"content":{"rendered":"<p>Computer:<\/p>\n<p>&#8211; Computer faszinieren mich schon seit den 80er Jahren und immer noch.<br \/>\n&#8211; Da alles viel einfacher geworden ist, ist viel mehr mit dem PC m\u00f6glich.<br \/>\n&#8211; Trotzdem ist nicht immer alles so einfach, wie in der Werbung angepriesen.<br \/>\n&#8211; So l\u00f6se ich gerne Probleme und freue mich immer wieder nach der L\u00f6sung.<\/p>\n","protected":false},"excerpt":{"rendered":"<p>Computer: &#8211; Computer faszinieren mich schon seit den 80er Jahren und immer noch. &#8211; Da alles viel einfacher geworden ist, ist viel mehr mit dem PC m\u00f6glich. &#8211; Trotzdem ist nicht immer alles so einfach, wie in der Werbung angepriesen. &#8211; So l\u00f6se ich gerne Probleme und freue mich immer wieder nach der L\u00f6sung.<\/p>\n","protected":false},"author":1,"featured_media":0,"parent":4632,"menu_order":0,"comment_status":"closed","ping_status":"closed","template":"","meta":{"ngg_post_thumbnail":0,"footnotes":""},"class_list":["post-4639","page","type-page","status-publish","hentry","post-preview"],"_links":{"self":[{"href":"https:\/\/www.naturweg.ch\/naturweg\/wp-json\/wp\/v2\/pages\/4639","targetHints":{"allow":["GET"]}}],"collection":[{"href":"https:\/\/www.naturweg.ch\/naturweg\/wp-json\/wp\/v2\/pages"}],"about":[{"href":"https:\/\/www.naturweg.ch\/naturweg\/wp-json\/wp\/v2\/types\/page"}],"author":[{"embeddable":true,"href":"https:\/\/www.naturweg.ch\/naturweg\/wp-json\/wp\/v2\/users\/1"}],"replies":[{"embeddable":true,"href":"https:\/\/www.naturweg.ch\/naturweg\/wp-json\/wp\/v2\/comments?post=4639"}],"version-history":[{"count":3,"href":"https:\/\/www.naturweg.ch\/naturweg\/wp-json\/wp\/v2\/pages\/4639\/revisions"}],"predecessor-version":[{"id":5471,"href":"https:\/\/www.naturweg.ch\/naturweg\/wp-json\/wp\/v2\/pages\/4639\/revisions\/5471"}],"up":[{"embeddable":true,"href":"https:\/\/www.naturweg.ch\/naturweg\/wp-json\/wp\/v2\/pages\/4632"}],"wp:attachment":[{"href":"https:\/\/www.naturweg.ch\/naturweg\/wp-json\/wp\/v2\/media?parent=4639"}],"curies":[{"name":"wp","href":"https:\/\/api.w.org\/{rel}","templated":true}]}}