{"id":4607,"date":"2017-03-21T16:28:53","date_gmt":"2017-03-21T15:28:53","guid":{"rendered":"http:\/\/www.naturweg.ch\/naturweg\/?page_id=4607"},"modified":"2018-12-25T11:47:19","modified_gmt":"2018-12-25T10:47:19","slug":"impressum","status":"publish","type":"page","link":"https:\/\/www.naturweg.ch\/naturweg\/ueber-mich-impressum\/impressum\/","title":{"rendered":"Impressum"},"content":{"rendered":"<div><span style=\"color: rgb(255, 0, 0); font-size: 14pt;\"><strong><span style=\"text-decoration: underline;\">Impressum<\/span>:<\/strong><\/span><\/div>\n<div><strong>Erreichbar<\/strong> mit Formular<strong> unter Kontakt-Formular<\/strong>, danke.<\/div>\n<div><strong><em>Fotos+Inhalte<\/em><\/strong> <strong>\u00a9<\/strong><strong> by RZ<\/strong><em>. Ideen und Verbesserungen bitte via Kontakt melden, danke.<\/em><\/div>\n<div>&nbsp;<\/div>\n<div><span style=\"font-size: 14pt;\"><strong>Weitere wichtige Informationen:<\/strong><\/span><\/div>\n<div>Trotz sorgf\u00e4ltiger inhaltlicher Kontrolle \u00fcbernehme&nbsp;ich keine Haftung f\u00fcr die Inhalte externer Links.<\/div>\n<div>F\u00fcr den Inhalt der verlinkten Seiten sind ausschlie\u00dflich deren Betreiber verantwortlich.<\/div>\n<div>Alle hier verwendeten Namen, Begriffe, Zeichen und Grafiken k\u00f6nnen<\/div>\n<div>Marken- oder Warenzeichen im Besitze ihrer rechtlichen Eigent\u00fcmer sein.<\/div>\n<div>&nbsp;<\/div>\n<div><b><span style=\"font-size: x-large;\">Datenschutz:<\/span><\/b><\/div>\n<div>Den Datenschutz versuche ich wenn immer m\u00f6glich einzuhalten.<\/div>\n","protected":false},"excerpt":{"rendered":"<p>Impressum: Erreichbar mit Formular unter Kontakt-Formular, danke. Fotos+Inhalte \u00a9 by RZ. Ideen und Verbesserungen bitte via Kontakt melden, danke. &nbsp; Weitere wichtige Informationen: Trotz sorgf\u00e4ltiger inhaltlicher Kontrolle \u00fcbernehme&nbsp;ich keine Haftung f\u00fcr die Inhalte externer Links. F\u00fcr den Inhalt der verlinkten Seiten sind ausschlie\u00dflich deren Betreiber verantwortlich. Alle hier verwendeten Namen, Begriffe, Zeichen und Grafiken k\u00f6nnen [&hellip;]<\/p>\n","protected":false},"author":1,"featured_media":0,"parent":4617,"menu_order":0,"comment_status":"closed","ping_status":"closed","template":"","meta":{"ngg_post_thumbnail":0,"footnotes":""},"class_list":["post-4607","page","type-page","status-publish","hentry","post-preview"],"_links":{"self":[{"href":"https:\/\/www.naturweg.ch\/naturweg\/wp-json\/wp\/v2\/pages\/4607","targetHints":{"allow":["GET"]}}],"collection":[{"href":"https:\/\/www.naturweg.ch\/naturweg\/wp-json\/wp\/v2\/pages"}],"about":[{"href":"https:\/\/www.naturweg.ch\/naturweg\/wp-json\/wp\/v2\/types\/page"}],"author":[{"embeddable":true,"href":"https:\/\/www.naturweg.ch\/naturweg\/wp-json\/wp\/v2\/users\/1"}],"replies":[{"embeddable":true,"href":"https:\/\/www.naturweg.ch\/naturweg\/wp-json\/wp\/v2\/comments?post=4607"}],"version-history":[{"count":3,"href":"https:\/\/www.naturweg.ch\/naturweg\/wp-json\/wp\/v2\/pages\/4607\/revisions"}],"predecessor-version":[{"id":7751,"href":"https:\/\/www.naturweg.ch\/naturweg\/wp-json\/wp\/v2\/pages\/4607\/revisions\/7751"}],"up":[{"embeddable":true,"href":"https:\/\/www.naturweg.ch\/naturweg\/wp-json\/wp\/v2\/pages\/4617"}],"wp:attachment":[{"href":"https:\/\/www.naturweg.ch\/naturweg\/wp-json\/wp\/v2\/media?parent=4607"}],"curies":[{"name":"wp","href":"https:\/\/api.w.org\/{rel}","templated":true}]}}