{"id":4600,"date":"2017-03-21T16:19:58","date_gmt":"2017-03-21T15:19:58","guid":{"rendered":"http:\/\/www.naturweg.ch\/naturweg\/?page_id=4600"},"modified":"2017-03-21T16:20:52","modified_gmt":"2017-03-21T15:20:52","slug":"england-sued-west-devon-cornwall-usw","status":"publish","type":"page","link":"https:\/\/www.naturweg.ch\/naturweg\/galerie\/reise-infos\/england-sued-west-devon-cornwall-usw\/","title":{"rendered":"England: S\u00fcd West"},"content":{"rendered":"<table class=\"contentpaneopen\">\n<tbody>\n<tr>\n<td valign=\"top\">England 2010: S\u00fcd-West mit Schwerpunkt <strong>Cornwall und Devon<\/strong><\/p>\n<p>&nbsp;<\/p>\n<p><strong>Moorgebiete:<\/strong> Dartmoor und Bodminmoor<\/p>\n<p>&nbsp;<\/p>\n<p><strong>K\u00fcste:<\/strong> S\u00fcd und West mit Lands-End und South West-Path<\/p>\n<p>&nbsp;<\/p>\n<p>Natur- und Kultursch\u00f6nheiten, aber auch Wind und Wetter sind zu beachten.<\/td>\n<\/tr>\n<\/tbody>\n<\/table>\n<p>&nbsp;<\/p>\n","protected":false},"excerpt":{"rendered":"<p>England 2010: S\u00fcd-West mit Schwerpunkt Cornwall und Devon &nbsp; Moorgebiete: Dartmoor und Bodminmoor &nbsp; K\u00fcste: S\u00fcd und West mit Lands-End und South West-Path &nbsp; Natur- und Kultursch\u00f6nheiten, aber auch Wind und Wetter sind zu beachten. &nbsp;<\/p>\n","protected":false},"author":1,"featured_media":0,"parent":4584,"menu_order":0,"comment_status":"closed","ping_status":"closed","template":"","meta":{"ngg_post_thumbnail":0,"footnotes":""},"class_list":["post-4600","page","type-page","status-publish","hentry","post-preview"],"_links":{"self":[{"href":"https:\/\/www.naturweg.ch\/naturweg\/wp-json\/wp\/v2\/pages\/4600","targetHints":{"allow":["GET"]}}],"collection":[{"href":"https:\/\/www.naturweg.ch\/naturweg\/wp-json\/wp\/v2\/pages"}],"about":[{"href":"https:\/\/www.naturweg.ch\/naturweg\/wp-json\/wp\/v2\/types\/page"}],"author":[{"embeddable":true,"href":"https:\/\/www.naturweg.ch\/naturweg\/wp-json\/wp\/v2\/users\/1"}],"replies":[{"embeddable":true,"href":"https:\/\/www.naturweg.ch\/naturweg\/wp-json\/wp\/v2\/comments?post=4600"}],"version-history":[{"count":2,"href":"https:\/\/www.naturweg.ch\/naturweg\/wp-json\/wp\/v2\/pages\/4600\/revisions"}],"predecessor-version":[{"id":4603,"href":"https:\/\/www.naturweg.ch\/naturweg\/wp-json\/wp\/v2\/pages\/4600\/revisions\/4603"}],"up":[{"embeddable":true,"href":"https:\/\/www.naturweg.ch\/naturweg\/wp-json\/wp\/v2\/pages\/4584"}],"wp:attachment":[{"href":"https:\/\/www.naturweg.ch\/naturweg\/wp-json\/wp\/v2\/media?parent=4600"}],"curies":[{"name":"wp","href":"https:\/\/api.w.org\/{rel}","templated":true}]}}