{"id":4596,"date":"2017-03-21T16:16:42","date_gmt":"2017-03-21T15:16:42","guid":{"rendered":"http:\/\/www.naturweg.ch\/naturweg\/?page_id=4596"},"modified":"2018-05-13T18:58:51","modified_gmt":"2018-05-13T16:58:51","slug":"jakobsweg","status":"publish","type":"page","link":"https:\/\/www.naturweg.ch\/naturweg\/galerie\/reise-infos\/jakobsweg\/","title":{"rendered":"Jakobsweg"},"content":{"rendered":"<table class=\"contentpaneopen\">\n<tbody>\n<tr>\n<td valign=\"top\"><img loading=\"lazy\" decoding=\"async\" width=\"90\" height=\"96\" alt=\"\" src=\"http:\/\/www.naturweg.ch\/naturwegold\/images\/stories\/220px-camio_de_santiago_fisterra1%20kopie.jpg\"><\/p>\n<p>Via Jacobi oder Jakobsweg oder el Camino de Santiago: Start war&nbsp;2008 &#8212;&gt; Ziel ???<\/p>\n<p>Es ist&nbsp;der &#8222;lange Weg nach Spanien&#8220;&#8230;<\/p>\n<table border=\"1\">\n<tbody>\n<tr>\n<td>Start<\/td>\n<td>Schweiz, Rorschach am Bodensee<\/td>\n<\/tr>\n<tr>\n<td>Ziel<\/td>\n<td>Spanien, Santiago de Compostela<\/td>\n<\/tr>\n<tr>\n<td>Hintergrund<\/td>\n<td>Etwas gegens\u00e4tzliches zum Alltag, mit Bezug zur Natur, Spiritualit\u00e4t, Bewegung, Ruhe&nbsp;und kennen lernen von Pilgern die auch unterwegs sind und Land und Leute auf der ganzen Strecke.<\/td>\n<\/tr>\n<tr>\n<td>Schweizer Hauptweg<\/td>\n<td>360 km<\/p>\n<p>Rorschach &#8211; Wattwil &#8211; Einsiedeln &#8211; Schwyz &#8211; Fl\u00fceli Ranft &#8211; Br\u00fcnig &#8211; Br\u00fcnig&nbsp;&#8211; Schwarzenburg &#8211; Freiburg &#8211;<\/p>\n<p>Romont &#8211; Lausanne &#8211; Genf <strong>= 2008 bis 2017 bereits alles gepilgert, 360 km<\/strong><\/td>\n<\/tr>\n<tr>\n<td>Frankreich<\/td>\n<td>1010 km<\/p>\n<p>Via Gebennensis: Genf &#8211; Le Puy&nbsp;<b>= 2018 bereits alles gepilgert, 360 km<\/b><\/p>\n<p>Via Podiensis :&nbsp;Le Puy &#8211; Conques &#8211; Moissac &#8211; St. Jean Pied de Port<\/td>\n<\/tr>\n<tr>\n<td>Spanien<\/td>\n<td>860 km<\/p>\n<p>Camino Frances &#8211; Jakobsweg nach Santiago: St. Jean Pied de Port &#8211; Pmplona &#8211; Logrono &#8211; Burgos &#8211; Le\u00f3n &#8211; Sarria &#8211; Santiago de Compostela<\/td>\n<\/tr>\n<tr>\n<td>Total Fussweg<\/td>\n<td>2230 km<\/p>\n<p>Rorschach &#8211; Santiago de Compostela<\/td>\n<\/tr>\n<tr>\n<td>&nbsp;Zeitplan<\/td>\n<td>ab 2008 bis ??? solange die F\u00fcsse tragen und das Ziel in den Augen, wird gepilgert&#8230;<\/p>\n<p>Statt nur so schnell wie m\u00f6glich den Jakobsweg zu begehen, sollten auch die Details links und rechts des Weges mit den Sch\u00f6nheiten und Eigenarten&nbsp;in den&nbsp;einzelenen Etappen intensiv erlebt und besucht werden.&nbsp;Somit kleinere Etappen w\u00e4hlen und&nbsp;mehr Zeit bis zum Ziel einplanen.<\/td>\n<\/tr>\n<tr>\n<td>Jakobsbrunnen<\/p>\n<p>in<\/p>\n<p>Rorschach (CH)<\/p>\n<p>&nbsp;<\/p>\n<p>&nbsp;<\/p>\n<p>&nbsp;<\/p>\n<p>&nbsp;<\/p>\n<p><strong>Glockenl\u00e4uten \u2192<\/strong><\/td>\n<td>An der Verzweigung Hauptstrasse\/Neugasse, unweit des Hafens, befindet sich der Jakobsbrunnen aus dem 19. Jahrhundert zur Erinnerung an die Jakobskapelle, einer fr\u00fchmittelalterlichen Rastst\u00e4tte f\u00fcr Pilger nach Santiago de Compostela.<\/p>\n<p>Der Jakobsbrunnen ist von der Jakobsfigur gekr\u00f6nt und die Glocke in der Brunnens\u00e4ule wurde \u00fcber Jahrzehnte t\u00e4glich zweimal von Hand gel\u00e4utet.&nbsp;<\/p>\n<p>Seit 20.04.2010&nbsp;wird beim Jakobsbrunnen in Rorschach die Glocke <strong>wieder von Hand<\/strong> vom Gl\u00f6ckner oder einer Gl\u00f6cknerin gel\u00e4utet (M\u00e4rz bis Oktober um 11 h + 18 h).<\/p>\n<p>ruft die Glocke t\u00e4glich um 11 Uhr und 18 Uhr zum Ave und erinnert an ihre Einschrift: &#8222;St. Jakobus, ora pro nobis&#8220;.<\/p>\n<p>Der Brunnen bildet Ausgangsort des Jakobswegs nach Santiago de Compostela.<\/p>\n<p><a href=\"http:\/\/www.youtube.com\/watch?v=nZAQ0jx_W3I\" target=\"_blank\" rel=\"noopener\"><span style=\"color: #46ac13;\">Gl\u00f6cknerIn Jakobsbrunnen Rorschach<\/span><\/a><\/td>\n<\/tr>\n<tr>\n<td>Pilgerstamm St. Gallen<\/td>\n<td>Jeden letzten Dienstag im Monat = <a href=\"http:\/\/www.pilgern.ch\" target=\"_blank\" rel=\"noopener\">www.pilgern.ch<\/a><\/td>\n<\/tr>\n<\/tbody>\n<\/table>\n<\/td>\n<\/tr>\n<\/tbody>\n<\/table>\n<p>&nbsp;<\/p>\n","protected":false},"excerpt":{"rendered":"<p>Via Jacobi oder Jakobsweg oder el Camino de Santiago: Start war&nbsp;2008 &#8212;&gt; Ziel ??? Es ist&nbsp;der &#8222;lange Weg nach Spanien&#8220;&#8230; Start Schweiz, Rorschach am Bodensee Ziel Spanien, Santiago de Compostela Hintergrund Etwas gegens\u00e4tzliches zum Alltag, mit Bezug zur Natur, Spiritualit\u00e4t, Bewegung, Ruhe&nbsp;und kennen lernen von Pilgern die auch unterwegs sind und Land und Leute auf [&hellip;]<\/p>\n","protected":false},"author":1,"featured_media":0,"parent":4584,"menu_order":0,"comment_status":"closed","ping_status":"closed","template":"","meta":{"ngg_post_thumbnail":0,"footnotes":""},"class_list":["post-4596","page","type-page","status-publish","hentry","post-preview"],"_links":{"self":[{"href":"https:\/\/www.naturweg.ch\/naturweg\/wp-json\/wp\/v2\/pages\/4596","targetHints":{"allow":["GET"]}}],"collection":[{"href":"https:\/\/www.naturweg.ch\/naturweg\/wp-json\/wp\/v2\/pages"}],"about":[{"href":"https:\/\/www.naturweg.ch\/naturweg\/wp-json\/wp\/v2\/types\/page"}],"author":[{"embeddable":true,"href":"https:\/\/www.naturweg.ch\/naturweg\/wp-json\/wp\/v2\/users\/1"}],"replies":[{"embeddable":true,"href":"https:\/\/www.naturweg.ch\/naturweg\/wp-json\/wp\/v2\/comments?post=4596"}],"version-history":[{"count":6,"href":"https:\/\/www.naturweg.ch\/naturweg\/wp-json\/wp\/v2\/pages\/4596\/revisions"}],"predecessor-version":[{"id":7660,"href":"https:\/\/www.naturweg.ch\/naturweg\/wp-json\/wp\/v2\/pages\/4596\/revisions\/7660"}],"up":[{"embeddable":true,"href":"https:\/\/www.naturweg.ch\/naturweg\/wp-json\/wp\/v2\/pages\/4584"}],"wp:attachment":[{"href":"https:\/\/www.naturweg.ch\/naturweg\/wp-json\/wp\/v2\/media?parent=4596"}],"curies":[{"name":"wp","href":"https:\/\/api.w.org\/{rel}","templated":true}]}}