{"id":170,"date":"2017-01-09T10:23:32","date_gmt":"2017-01-09T09:23:32","guid":{"rendered":"http:\/\/www.naturweg.ch\/nwwp\/?page_id=170"},"modified":"2020-03-29T14:47:58","modified_gmt":"2020-03-29T12:47:58","slug":"foto-panorama","status":"publish","type":"page","link":"https:\/\/www.naturweg.ch\/naturweg\/galerie\/foto-panorama\/","title":{"rendered":"Foto-Panorama"},"content":{"rendered":"<p><span style=\"font-size: 18pt;\"><strong>Panorama:<\/strong> <span style=\"font-size: 12pt;\">\u00a9 by RZ<\/span><\/span><\/p>\n<table border=\"0\">\n<tbody>\n<tr>\n<td><strong>Panorama vom Tresten: Kamor + Aplstein + S\u00e4ntis + Kronberg + Hundwiler H\u00f6he + Appenzell + F\u00e4hnernspitz<\/strong><\/p>\n<p><img loading=\"lazy\" decoding=\"async\" class=\"alignnone size-full wp-image-9403\" src=\"https:\/\/www.naturweg.ch\/naturweg\/wp-content\/uploads\/2020\/03\/2019-09-02-F\u00e4hnligipfel-Kamor-136_bearbeitet-1.jpg\" alt=\"\" width=\"1000\" height=\"227\" srcset=\"https:\/\/www.naturweg.ch\/naturweg\/wp-content\/uploads\/2020\/03\/2019-09-02-F\u00e4hnligipfel-Kamor-136_bearbeitet-1.jpg 1000w, https:\/\/www.naturweg.ch\/naturweg\/wp-content\/uploads\/2020\/03\/2019-09-02-F\u00e4hnligipfel-Kamor-136_bearbeitet-1-300x68.jpg 300w, https:\/\/www.naturweg.ch\/naturweg\/wp-content\/uploads\/2020\/03\/2019-09-02-F\u00e4hnligipfel-Kamor-136_bearbeitet-1-768x174.jpg 768w\" sizes=\"auto, (max-width: 1000px) 100vw, 1000px\" \/><\/td>\n<\/tr>\n<tr>\n<td><strong>Panorama Hundwilerh\u00f6he: Kronbergkette + S\u00e4ntispanorama bis zum Hohen Kasten + F\u00e4hnerenspitz<\/strong><\/p>\n<p><img loading=\"lazy\" decoding=\"async\" class=\"alignnone size-full wp-image-9399\" src=\"https:\/\/www.naturweg.ch\/naturweg\/wp-content\/uploads\/2020\/03\/2020-02-07-Hundwilerh\u00f6he-42.jpg\" alt=\"\" width=\"1000\" height=\"249\" srcset=\"https:\/\/www.naturweg.ch\/naturweg\/wp-content\/uploads\/2020\/03\/2020-02-07-Hundwilerh\u00f6he-42.jpg 1000w, https:\/\/www.naturweg.ch\/naturweg\/wp-content\/uploads\/2020\/03\/2020-02-07-Hundwilerh\u00f6he-42-300x75.jpg 300w, https:\/\/www.naturweg.ch\/naturweg\/wp-content\/uploads\/2020\/03\/2020-02-07-Hundwilerh\u00f6he-42-768x191.jpg 768w\" sizes=\"auto, (max-width: 1000px) 100vw, 1000px\" \/><\/td>\n<\/tr>\n<tr>\n<td><strong>Panorama: Monterosa + Matterhorn + Dent Blanche<\/strong><\/p>\n<p><strong><img loading=\"lazy\" decoding=\"async\" class=\"alignnone size-full wp-image-9398\" src=\"https:\/\/www.naturweg.ch\/naturweg\/wp-content\/uploads\/2020\/03\/2020-02-22-Zermatt-SunnegaFuri-60_bearbeitet-1.jpg\" alt=\"\" width=\"1000\" height=\"282\" srcset=\"https:\/\/www.naturweg.ch\/naturweg\/wp-content\/uploads\/2020\/03\/2020-02-22-Zermatt-SunnegaFuri-60_bearbeitet-1.jpg 1000w, https:\/\/www.naturweg.ch\/naturweg\/wp-content\/uploads\/2020\/03\/2020-02-22-Zermatt-SunnegaFuri-60_bearbeitet-1-300x85.jpg 300w, https:\/\/www.naturweg.ch\/naturweg\/wp-content\/uploads\/2020\/03\/2020-02-22-Zermatt-SunnegaFuri-60_bearbeitet-1-768x217.jpg 768w\" sizes=\"auto, (max-width: 1000px) 100vw, 1000px\" \/><\/strong><\/td>\n<\/tr>\n<tr>\n<td><strong>Panorama: Tristencholben + Fulfirst + Gonzen + Flumserberg + Walensee<\/strong><\/p>\n<p><strong><img loading=\"lazy\" decoding=\"async\" class=\"alignnone\" src=\"http:\/\/www.naturweg.ch\/naturweg\/wp-content\/uploads\/2017\/06\/2017-06-26-VoralpseeCh\u00e4serrugg-137.jpg\" alt=\"Panorama Tristencholben bis walensee\" width=\"796\" height=\"172\"><\/strong><\/td>\n<\/tr>\n<tr>\n<td><strong>Panorama 360\u00b0 Kaligandaki: tiefste Schlucht der Welt (Nepal, ca. 6000m)<\/strong><\/p>\n<p><strong><img loading=\"lazy\" decoding=\"async\" src=\"http:\/\/www.naturweg.ch\/naturwegold\/images\/stories\/2010-04-06-kaligandakipano1.jpg\" alt=\"\" width=\"800\" height=\"129\"><\/strong><\/td>\n<\/tr>\n<tr>\n<td><strong>Panorama West-Nord-Ost: Sassauna 2307m:+ Vilan + Schesaplana + Sulzfluh (CH-GR)<\/strong><\/p>\n<p><strong><img loading=\"lazy\" decoding=\"async\" src=\"http:\/\/www.naturweg.ch\/naturwegold\/images\/stories\/2011-01-24-sassaunapano1000.jpg\" alt=\"\" width=\"800\" height=\"128\"><\/strong><\/td>\n<\/tr>\n<tr>\n<td><strong>Panorama Nord-Ost-S\u00fcd: Kronberg + S\u00e4ntis 2502m (CH-AI+AR+SG)<\/strong><\/p>\n<p><strong><img loading=\"lazy\" decoding=\"async\" src=\"http:\/\/www.naturweg.ch\/naturwegold\/images\/stories\/2010-12-27-saentis-panorama.jpg\" alt=\"\" width=\"800\" height=\"130\"><\/strong><\/td>\n<\/tr>\n<tr>\n<td><strong>Panorama Ost-S\u00fcd-West: Hochalp + S\u00e4ntis + Churfirsten<\/strong><\/p>\n<p><strong><img loading=\"lazy\" decoding=\"async\" src=\"http:\/\/www.naturweg.ch\/naturwegold\/images\/stories\/2011-02-25-hochalp-pano-by.jpg\" alt=\"\" width=\"800\" height=\"143\"><\/strong><\/td>\n<\/tr>\n<tr>\n<td><strong>Panorama Monte del Forno: mit Traumberg Monte Disgrazia<\/strong><\/p>\n<p><img loading=\"lazy\" decoding=\"async\" src=\"http:\/\/www.naturweg.ch\/naturwegold\/images\/stories\/2016%2007%2017%20sacrs%20monte%20forno-53.jpg\" alt=\"\" width=\"800\" height=\"182\"><\/td>\n<\/tr>\n<tr>\n<td><strong>Panorama <span style=\"float: none; background-color: transparent; color: #404040; cursor: text; font-family: 'Open Sans', sans-serif; font-size: 14px; font-style: normal; font-variant: normal; letter-spacing: normal; orphans: 2; text-align: left; text-decoration: none; text-indent: 0px; text-transform: none; -webkit-text-stroke-width: 0px; white-space: normal; word-spacing: 0px; display: inline !important;\">Piemont Vallee Po<\/span>: Monte Viso 3841 m<\/strong><span style=\"float: none; background-color: transparent; color: #404040; cursor: text; font-family: 'Open Sans', sans-serif; font-size: 14px; font-style: normal; font-variant: normal; letter-spacing: normal; orphans: 2; text-align: left; text-decoration: none; text-indent: 0px; text-transform: none; -webkit-text-stroke-width: 0px; white-space: normal; word-spacing: 0px; display: inline !important;\"> (s\u00fcdlichst gelegene Berg \u00fcber 3500 m der Alpen)<\/span><\/p>\n<p><img loading=\"lazy\" decoding=\"async\" class=\"alignnone wp-image-5959\" src=\"http:\/\/www.naturweg.ch\/naturweg\/wp-content\/uploads\/2018\/01\/2018-01-05-Piemont-Ski-5-20-1.jpg\" alt=\"\" width=\"795\" height=\"239\" srcset=\"https:\/\/www.naturweg.ch\/naturweg\/wp-content\/uploads\/2018\/01\/2018-01-05-Piemont-Ski-5-20-1.jpg 4000w, https:\/\/www.naturweg.ch\/naturweg\/wp-content\/uploads\/2018\/01\/2018-01-05-Piemont-Ski-5-20-1-300x90.jpg 300w, https:\/\/www.naturweg.ch\/naturweg\/wp-content\/uploads\/2018\/01\/2018-01-05-Piemont-Ski-5-20-1-768x231.jpg 768w, https:\/\/www.naturweg.ch\/naturweg\/wp-content\/uploads\/2018\/01\/2018-01-05-Piemont-Ski-5-20-1-1024x308.jpg 1024w\" sizes=\"auto, (max-width: 795px) 100vw, 795px\" \/><\/td>\n<\/tr>\n<\/tbody>\n<\/table>\n<p>&nbsp;<\/p>\n","protected":false},"excerpt":{"rendered":"<p>Panorama: \u00a9 by RZ Panorama vom Tresten: Kamor + Aplstein + S\u00e4ntis + Kronberg + Hundwiler H\u00f6he + Appenzell + F\u00e4hnernspitz Panorama Hundwilerh\u00f6he: Kronbergkette + S\u00e4ntispanorama bis zum Hohen Kasten + F\u00e4hnerenspitz Panorama: Monterosa + Matterhorn + Dent Blanche Panorama: Tristencholben + Fulfirst + Gonzen + Flumserberg + Walensee Panorama 360\u00b0 Kaligandaki: tiefste Schlucht der [&hellip;]<\/p>\n","protected":false},"author":1,"featured_media":0,"parent":553,"menu_order":0,"comment_status":"closed","ping_status":"closed","template":"template\/full-width.php","meta":{"ngg_post_thumbnail":0,"footnotes":""},"class_list":["post-170","page","type-page","status-publish","hentry","post-preview"],"_links":{"self":[{"href":"https:\/\/www.naturweg.ch\/naturweg\/wp-json\/wp\/v2\/pages\/170","targetHints":{"allow":["GET"]}}],"collection":[{"href":"https:\/\/www.naturweg.ch\/naturweg\/wp-json\/wp\/v2\/pages"}],"about":[{"href":"https:\/\/www.naturweg.ch\/naturweg\/wp-json\/wp\/v2\/types\/page"}],"author":[{"embeddable":true,"href":"https:\/\/www.naturweg.ch\/naturweg\/wp-json\/wp\/v2\/users\/1"}],"replies":[{"embeddable":true,"href":"https:\/\/www.naturweg.ch\/naturweg\/wp-json\/wp\/v2\/comments?post=170"}],"version-history":[{"count":17,"href":"https:\/\/www.naturweg.ch\/naturweg\/wp-json\/wp\/v2\/pages\/170\/revisions"}],"predecessor-version":[{"id":9405,"href":"https:\/\/www.naturweg.ch\/naturweg\/wp-json\/wp\/v2\/pages\/170\/revisions\/9405"}],"up":[{"embeddable":true,"href":"https:\/\/www.naturweg.ch\/naturweg\/wp-json\/wp\/v2\/pages\/553"}],"wp:attachment":[{"href":"https:\/\/www.naturweg.ch\/naturweg\/wp-json\/wp\/v2\/media?parent=170"}],"curies":[{"name":"wp","href":"https:\/\/api.w.org\/{rel}","templated":true}]}}