{"id":152,"date":"2017-01-09T09:49:11","date_gmt":"2017-01-09T08:49:11","guid":{"rendered":"http:\/\/www.naturweg.ch\/nwwp\/?page_id=152"},"modified":"2018-03-28T16:39:43","modified_gmt":"2018-03-28T14:39:43","slug":"links","status":"publish","type":"page","link":"https:\/\/www.naturweg.ch\/naturweg\/links\/","title":{"rendered":"Links"},"content":{"rendered":"<div class=\"menubot\" style=\"text-align: left;\"><span style=\"font-family: arial black, avant garde;\"><span style=\"font-size: 18pt;\">Empfehlenswerte Links &#8230;<\/span><\/span><\/div>\n<div class=\"menubot\" style=\"text-align: left;\"><span style=\"font-family: arial black,avant garde;\"><strong><span style=\"font-family: arial,helvetica,sans-serif;\">&#8230; mit diesen Links kann man kein Geld verdienen,<\/span><\/strong><\/span><\/div>\n<div class=\"menubot\" style=\"text-align: left;\"><span style=\"font-family: arial black,avant garde;\"><strong><span style=\"font-family: arial,helvetica,sans-serif;\">&#8230; aber auch kein Geld&nbsp;verlieren.<\/span><\/strong><\/span><\/div>\n<div class=\"menubot\" style=\"text-align: left;\"><span style=\"font-family: arial black,avant garde;\">&nbsp;<\/span><\/div>\n<div class=\"menubot\" style=\"text-align: left;\"><span style=\"font-family: arial,helvetica,sans-serif; font-size: 12pt;\">&#8211; Wetter: <span style=\"color: #3366ff;\"><a href=\"http:\/\/www.meteoschweiz.ch\/\" target=\"_blank\" rel=\"noopener\"><strong><span style=\"text-decoration: underline;\">meteoschweiz.ch<\/span><\/strong><\/a>&nbsp;<\/span>+ <span style=\"color: #3366ff;\"><a title=\"Wetter SF Meteo\" href=\"http:\/\/www.sf.tv\/sfmeteo\/\" target=\"_blank\" rel=\"noopener\"><span style=\"color: #3366ff; text-decoration: underline;\"><strong>sfmeteo<\/strong><\/span><\/a><\/span><\/span><\/div>\n<div class=\"menubot\" style=\"text-align: left;\"><span style=\"font-family: arial,helvetica,sans-serif; font-size: 12pt;\">&nbsp;<\/span><\/div>\n<div class=\"menubot\" style=\"text-align: left;\"><span style=\"font-family: arial,helvetica,sans-serif; font-size: 12pt;\">&#8211; Suchen:<span style=\"color: #3366ff;\"><a href=\"http:\/\/www.google.ch\" target=\"_blank\" rel=\"noopener\"><strong><span style=\"text-decoration: underline;\">google<\/span><\/strong><\/a><\/span><\/span><\/div>\n<div class=\"menubot\" style=\"text-align: left;\"><span style=\"font-family: arial,helvetica,sans-serif; font-size: 12pt;\">&nbsp;<\/span><\/div>\n<div class=\"menubot\" style=\"text-align: left;\"><span style=\"font-family: arial,helvetica,sans-serif; font-size: 12pt;\">&#8211; Fahrplan:<span style=\"color: #ff0000;\"><a href=\"http:\/\/www.sbb.ch\" target=\"_blank\" rel=\"noopener\"><strong><span style=\"text-decoration: underline;\">sbb<\/span><\/strong><\/a><\/span><\/span><\/div>\n<div class=\"menubot\" style=\"text-align: left;\">&nbsp;<\/div>\n<div class=\"menubot\" style=\"text-align: left;\">\n<div class=\"menubot\" style=\"text-align: left;\"><span style=\"color: #000000; font-size: 14pt;\"><span style=\"color: #ff6600;\"><span style=\"color: #000000;\"><span style=\"text-decoration: underline;\"><strong>Club-Verein-Treff<\/strong><\/span>:<\/span><\/span><\/span><\/div>\n<div class=\"menubot\" style=\"text-align: left;\"><span style=\"font-size: 14pt;\">&#8211; Musikverein St. Gallen Ost: <span style=\"color: #0000ff;\">&nbsp;<a style=\"color: #0000ff;\" href=\"http:\/\/www.ostmusik.ch\" target=\"_blank\" rel=\"noopener\"><span style=\"text-decoration: underline;\">Ostmusik St. Gallen<\/span><\/a><\/span><\/span><\/div>\n<div class=\"menubot\" style=\"text-align: left;\"><span style=\"font-size: 14pt;\">&#8211; Fotoklub Klubschule Migros St. Gallen:<span style=\"color: #ff00ff;\"> <a href=\"http:\/\/www.fotoklub.ch\" target=\"_blank\" rel=\"noopener\"><span style=\"color: #ff00ff; text-decoration: underline;\">Fotoklub Klubschule St. Gallen<\/span><\/a><\/span><\/span><\/div>\n<div class=\"menubot\" style=\"text-align: left;\"><span style=\"font-size: 14pt;\">&#8211; Harley Club Appenzell:&nbsp;<span style=\"color: #333300;\"><strong><span style=\"text-decoration: underline;\"><a href=\"http:\/\/www.harley-appenzell.com\/\" target=\"_blank\" rel=\"noopener\"><span style=\"color: #333300; text-decoration: underline;\">Harley Club Appenzell<\/span><\/a> <\/span><\/strong><\/span><\/span><\/div>\n<div class=\"menubot\" style=\"text-align: left;\"><span style=\"font-size: 14pt;\">&#8211; Biker Treffen Appenzell:<span style=\"color: #ff6600;\">&nbsp;<\/span><span style=\"color: #000000;\"><span style=\"color: #ff6600;\"><span style=\"color: #999999;\"><a href=\"http:\/\/www.biker-troeffe.ch\/\" target=\"_blank\" rel=\"noopener\">Appez\u00f6ller Biker Tr\u00f6ffe (Harley Tr\u00f6ff Appenzell)<\/a><\/span><\/span><\/span><\/span><\/div>\n<div class=\"menubot\" style=\"text-align: left;\"><span style=\"font-family: arial,helvetica,sans-serif; font-size: 14pt;\">&#8211; LPV (Lokpersonalverband):<span style=\"color: #3366ff;\"><a href=\"http:\/\/www.lpv-sev.ch\" target=\"_blank\" rel=\"noopener\"><strong> <span style=\"text-decoration: underline;\">lpv-sev.ch<\/span><\/strong><\/a><\/span><\/span><\/div>\n<div class=\"menubot\" style=\"text-align: left;\">\n<div class=\"menubot\" style=\"text-align: left;\"><span style=\"font-family: arial,helvetica,sans-serif; font-size: 14pt;\">&nbsp;<\/span><\/div>\n<div class=\"menubot\" style=\"text-align: left;\"><span style=\"font-family: arial,helvetica,sans-serif; font-size: 14pt;\">&#8211; SAC Sektion Rorschach: <span style=\"color: #3366ff;\"><a href=\"http:\/\/www.sac-rorschach.ch\" target=\"_blank\" rel=\"noopener\"><span style=\"color: #3366ff; text-decoration: underline;\"><strong>sac-rorschach<\/strong><\/span><\/a><\/span><\/span><\/div>\n<\/div>\n<\/div>\n<div>&nbsp;<\/div>\n<div><span style=\"font-family: arial,helvetica,sans-serif; font-size: 14pt;\">&#8211; Pilgerstamm St. Gallen: <a href=\"http:\/\/www.pilgern.ch\" target=\"_blank\" rel=\"noopener\"><span style=\"background-color: #ffff00;\">www.pilgern.ch<\/span><\/a><\/span><\/div>\n<div class=\"menubot\" style=\"text-align: left;\"><span style=\"font-family: arial,helvetica,sans-serif; font-size: 12pt;\">&nbsp;<\/span><\/div>\n<div class=\"menubot\" style=\"text-align: left;\"><span style=\"font-size: 14pt;\"><strong><span style=\"font-family: arial,helvetica,sans-serif;\">&#8211; Bergpartner:<\/span><\/strong><\/span><\/div>\n<div class=\"menubot\" style=\"text-align: left;\"><span style=\"font-family: arial,helvetica,sans-serif; font-size: 12pt;\"><span style=\"color: #3366ff;\"><a href=\"http:\/\/www.aktivferien.ch\"><span style=\"text-decoration: underline;\"><span style=\"color: #404040;\">&nbsp; <\/span><strong>aktivferien.ch<\/strong><\/span>&nbsp;<\/a><\/span>+ <span style=\"color: #3366ff;\"><a href=\"http:\/\/www.hoehenfieber.ch\/\" target=\"_blank\" rel=\"noopener\"><strong><span style=\"text-decoration: underline;\">hoehenfieber.ch<\/span><\/strong><\/a>&nbsp;<\/span>+&nbsp;<span style=\"color: #3366ff;\"><strong><span style=\"text-decoration: underline;\"><a href=\"http:\/\/bergundtal.ch\" target=\"_blank\" rel=\"noopener\"><span style=\"color: #3366ff; text-decoration: underline;\">bergundtal.ch<\/span><\/a><\/span>&nbsp;<\/strong><\/span>+ <span style=\"color: #3366ff;\"><a href=\"http:\/\/www.alpinschule.ch\/\" target=\"_blank\" rel=\"noopener\"><strong><span style=\"text-decoration: underline;\">alpinschule.ch<\/span><\/strong><\/a>&nbsp;<\/span><\/span><span style=\"color: #3366ff; font-family: arial,helvetica,sans-serif; font-size: 12pt;\">&nbsp;+<\/span><span style=\"color: #3366ff;\"> <span style=\"font-family: arial,helvetica,sans-serif; font-size: 12pt;\"><span style=\"text-decoration: underline;\"><strong><a href=\"http:\/\/bergvagabund.ch\" target=\"_blank\" rel=\"noopener\"><span style=\"color: #3366ff; text-decoration: underline;\">bergvagabund<\/span><\/a><\/strong><\/span><\/span><\/span><\/div>\n<div class=\"menubot\" style=\"text-align: left;\">&nbsp;<\/div>\n<div class=\"menubot\" style=\"text-align: left;\"><span style=\"font-size: 14pt;\"><strong>&#8211; Foto + Fotoreisen + Fotokurse:<\/strong><\/span><\/div>\n<div class=\"menubot\" style=\"text-align: left;\"><a href=\"http:\/\/www.photocube.ch\" target=\"_blank\" rel=\"noopener\">photocube.ch <\/a>+<a href=\"http:\/\/www.imagehouse.ch\" target=\"_blank\" rel=\"noopener\"> imagehouse.ch <\/a>+<a href=\"http:\/\/www.fotoschule-baur.ch\" target=\"_blank\" rel=\"noopener\"> fotoschule-baur.ch<\/a><\/div>\n<div class=\"menubot\" style=\"text-align: left;\"><span style=\"font-family: arial,helvetica,sans-serif; font-size: 12pt;\">&nbsp;<\/span><\/div>\n<div class=\"menubot\" style=\"text-align: left;\"><span style=\"font-family: arial,helvetica,sans-serif; font-size: 12pt;\">&#8211; Wildschutzzonen (Schneesport Zugangsbeschr\u00e4nkungen!): <a href=\"http:\/\/www.wildruhezonen.ch\/index.php\" target=\"_blank\" rel=\"noopener\"><strong><span style=\"text-decoration: underline;\"><span style=\"color: #ff0000; text-decoration: underline;\">Wildschutzzonen<\/span><\/span><\/strong><\/a><\/span><\/div>\n<div class=\"menubot\" style=\"text-align: left;\">&nbsp;<\/div>\n<div class=\"menubot\" style=\"text-align: left;\">&#8211; Wildschutzzonen + Banngebiete<strong> Sommer<\/strong> Appenzell: <a href=\"https:\/\/www.ar.ch\/fileadmin\/user_upload\/Departement_Bau_Volkswirtschaft\/Amt_fuer_Raum_Wald\/Wald_Natur\/Wildruhezone\/Flyer_Sommerinformationen.pdf\" target=\"_blank\" rel=\"noopener\"><span style=\"color: #008000;\">Sommer-Wildruhezonen S\u00e4ntis&nbsp;+ Umgebung<\/span><\/a><\/div>\n<div class=\"menubot\" style=\"text-align: left;\"><span style=\"font-family: arial,helvetica,sans-serif; font-size: 12pt;\">&nbsp;<\/span><\/div>\n<div class=\"menubot\" style=\"text-align: left;\"><span style=\"font-family: arial,helvetica,sans-serif; font-size: 12pt;\">&#8211; Wildschutzzonen + Banngebiete <strong>Winter<\/strong> Appenzell: <a href=\"https:\/\/www.ar.ch\/fileadmin\/user_upload\/Departement_Bau_Volkswirtschaft\/Amt_fuer_Raum_Wald\/Wald_Natur\/Wildruhezone\/Flyer_Winterinformationen.pdf\" target=\"_blank\" rel=\"noopener\">Winter-Wildruhezonen S\u00e4ntis&nbsp;+ Umgebung<\/a><\/span><\/div>\n<div class=\"menubot\" style=\"text-align: left;\"><span style=\"font-family: arial,helvetica,sans-serif; font-size: 12pt;\">&nbsp;<\/span><\/div>\n<div class=\"menubot\" style=\"text-align: left;\"><span style=\"font-family: arial,helvetica,sans-serif; font-size: 12pt;\">&#8211; Schutzverordnungen: <a href=\"http:\/\/www.geoportal.ch\/\"><span style=\"text-decoration: underline;\"><strong><span style=\"color: #ff0000; text-decoration: underline;\">Geoportal<\/span><\/strong><\/span><\/a><\/span><\/div>\n<div class=\"menubot\" style=\"text-align: left;\">&nbsp;<\/div>\n<div class=\"menubot\" style=\"text-align: left;\"><span style=\"font-size: 14pt;\"><strong><span style=\"font-family: arial,helvetica,sans-serif;\">&#8211; Reisepartner + Reiseinfos:&nbsp;<\/span><\/strong><\/span><\/div>\n<div class=\"menubot\" style=\"text-align: left;\"><span style=\"font-family: arial,helvetica,sans-serif; font-size: 12pt;\">Island-Reisen: <span style=\"color: #339966;\"><a href=\"http:\/\/www.agtraveltrend.ch\/\" target=\"_blank\" rel=\"noopener\"><strong><span style=\"color: #008000;\"><span style=\"text-decoration: underline;\">ag-treveltrend-Bern<\/span><\/span><\/strong><\/a><\/span><\/span><\/div>\n<div class=\"menubot\" style=\"text-align: left;\">&#8211;&nbsp;<\/div>\n<div class=\"menubot\" style=\"text-align: left;\"><span style=\"font-size: 12pt;\">Irland-Reisen: <a href=\"http:\/\/travelhouse.ch\" target=\"_blank\" rel=\"noopener\"><span style=\"color: #3366ff; text-decoration: underline;\"><strong>travelhouse<\/strong><\/span><\/a><\/span><\/div>\n<div class=\"menubot\" style=\"text-align: left;\">&nbsp;<\/div>\n<div class=\"menubot\" style=\"text-align: left;\"><span style=\"color: #000000; font-family: arial,helvetica,sans-serif; font-size: 12pt;\">Australien-Reisen: <span style=\"text-decoration: underline;\"><strong><span style=\"color: #ff9900; text-decoration: underline;\"><a href=\"http:\/\/www.boomerang-reisen.ch\" target=\"_blank\" rel=\"noopener\">Boomerang Reisen Z\u00fcrich<\/a><\/span><\/strong><\/span><\/span><\/div>\n<div class=\"menubot\" style=\"text-align: left;\"><span style=\"font-family: arial,helvetica,sans-serif; font-size: 12pt;\"><span style=\"color: #339966;\">&nbsp;<\/span><\/span>&nbsp;<\/div>\n<div class=\"menubot\" style=\"text-align: left;\"><span style=\"font-size: 12pt;\">Reisemedizinische Beratung:<\/span> <span style=\"text-decoration: underline;\"><span style=\"color: #993366; text-decoration: underline;\"><strong><span style=\"font-size: 12pt;\">&nbsp;<a href=\"http:\/\/www.safetravel.ch\/safetravel2\/servlet\/ch.ofac.wv.wv201j.pages.Wv201AccueilCtrl?action=init\" target=\"_blank\" rel=\"noopener\">Safetravel<\/a><\/span><\/strong><\/span><\/span><\/div>\n<div class=\"menubot\" style=\"text-align: left;\">&nbsp;<\/div>\n<div class=\"menubot\" style=\"text-align: left;\"><span style=\"color: #000000; font-size: 12pt;\">Infostelle Reisemedizin: <span style=\"color: #ffcc00;\"><a href=\"http:\/\/www.osir.ch\/\"><span style=\"color: #ffcc00; text-decoration: underline;\"><strong>OSIR<\/strong><\/span><\/a><\/span><\/span><\/div>\n<div class=\"menubot\" style=\"text-align: left;\">&nbsp;<\/div>\n<div class=\"menubot\" style=\"text-align: left;\"><span style=\"color: #000000; font-size: 12pt;\">Reisehinweise: <a href=\"https:\/\/www.eda.admin.ch\/eda\/de\/home.html\" target=\"_blank\" rel=\"noopener\"><span style=\"color: #ff6600; text-decoration: underline;\"><strong>EDA<\/strong><\/span><\/a><\/span><\/div>\n<div class=\"menubot\" style=\"text-align: left;\">&nbsp;<\/div>\n<div class=\"menubot\" style=\"text-align: left;\"><span style=\"font-size: 14pt;\"><strong><span style=\"color: #000000;\"><span style=\"color: #ff6600;\">&#8211;<\/span><\/span> Sportgesch\u00e4fte:<\/strong><\/span><\/div>\n<div class=\"menubot\" style=\"text-align: left;\"><span style=\"color: #000000; font-size: 12pt;\"><span style=\"color: #ff6600;\"> <span style=\"color: #cc99ff;\"><a href=\"http:\/\/www.carvesport.ch\/\" target=\"_blank\" rel=\"noopener\"><span style=\"color: #cc99ff; font-size: small;\">Carve Sport Kurt Heiden<\/span><\/a> <\/span>\/\/ <a href=\"https:\/\/www.baechli-bergsport.ch\/de\/Filiale\/stgallen.htm\" target=\"_blank\" rel=\"noopener\"><span style=\"color: #ff6600; font-size: small;\">B\u00e4chli Bergsport St. Gallen-Winkeln<\/span><\/a><\/span><\/span><\/div>\n<div class=\"menubot\" style=\"text-align: left;\">&nbsp;<\/div>\n<div class=\"menubot\" style=\"text-align: left;\">&nbsp;<span style=\"font-size: 14pt;\"><strong><span style=\"color: #000000;\"><span style=\"color: #ff6600;\">&#8211;<\/span><\/span> Hotel:<\/strong><\/span><\/div>\n<div class=\"menubot\" style=\"text-align: left;\"><a href=\"https:\/\/www.hotel-liun.ch\" target=\"_blank\" rel=\"noopener\">&nbsp;&#8211; Wellnesshotel Liun in&nbsp;M\u00fcstair<\/a><\/div>\n<div class=\"menubot\" style=\"text-align: left;\">\n<div class=\"menubot\" style=\"text-align: left;\"><span style=\"font-family: arial,helvetica,sans-serif; font-size: 12pt;\">&nbsp;<\/span><\/div>\n<\/div>\n<p class=\"menubot\" style=\"text-align: left;\"><span style=\"color: #000000; font-family: arial black,avant garde; font-size: 12pt;\">&nbsp;<\/span><\/p>\n<p class=\"menubot\">&nbsp;<\/p>\n<p class=\"menubot\">&nbsp;<\/p>\n","protected":false},"excerpt":{"rendered":"<p>Empfehlenswerte Links &#8230; &#8230; mit diesen Links kann man kein Geld verdienen, &#8230; aber auch kein Geld&nbsp;verlieren. &nbsp; &#8211; Wetter: meteoschweiz.ch&nbsp;+ sfmeteo &nbsp; &#8211; Suchen:google &nbsp; &#8211; Fahrplan:sbb &nbsp; Club-Verein-Treff: &#8211; Musikverein St. Gallen Ost: &nbsp;Ostmusik St. Gallen &#8211; Fotoklub Klubschule Migros St. Gallen: Fotoklub Klubschule St. Gallen &#8211; Harley Club Appenzell:&nbsp;Harley Club Appenzell &#8211; [&hellip;]<\/p>\n","protected":false},"author":1,"featured_media":0,"parent":0,"menu_order":0,"comment_status":"closed","ping_status":"closed","template":"","meta":{"ngg_post_thumbnail":0,"footnotes":""},"class_list":["post-152","page","type-page","status-publish","hentry","post-preview"],"_links":{"self":[{"href":"https:\/\/www.naturweg.ch\/naturweg\/wp-json\/wp\/v2\/pages\/152","targetHints":{"allow":["GET"]}}],"collection":[{"href":"https:\/\/www.naturweg.ch\/naturweg\/wp-json\/wp\/v2\/pages"}],"about":[{"href":"https:\/\/www.naturweg.ch\/naturweg\/wp-json\/wp\/v2\/types\/page"}],"author":[{"embeddable":true,"href":"https:\/\/www.naturweg.ch\/naturweg\/wp-json\/wp\/v2\/users\/1"}],"replies":[{"embeddable":true,"href":"https:\/\/www.naturweg.ch\/naturweg\/wp-json\/wp\/v2\/comments?post=152"}],"version-history":[{"count":18,"href":"https:\/\/www.naturweg.ch\/naturweg\/wp-json\/wp\/v2\/pages\/152\/revisions"}],"predecessor-version":[{"id":7655,"href":"https:\/\/www.naturweg.ch\/naturweg\/wp-json\/wp\/v2\/pages\/152\/revisions\/7655"}],"wp:attachment":[{"href":"https:\/\/www.naturweg.ch\/naturweg\/wp-json\/wp\/v2\/media?parent=152"}],"curies":[{"name":"wp","href":"https:\/\/api.w.org\/{rel}","templated":true}]}}