{"id":107,"date":"2017-01-08T11:34:47","date_gmt":"2017-01-08T10:34:47","guid":{"rendered":"http:\/\/www.naturweg.ch\/nwwp\/?page_id=107"},"modified":"2017-03-21T17:08:33","modified_gmt":"2017-03-21T16:08:33","slug":"umwelt","status":"publish","type":"page","link":"https:\/\/www.naturweg.ch\/naturweg\/ueber-mich-impressum\/umwelt\/","title":{"rendered":"Umwelt"},"content":{"rendered":"<div><strong><span style=\"font-family: comic sans ms,sans-serif;\"><span style=\"color: rgb(255, 204, 0);\"><span style=\"font-size: 14pt;\">Atom-Strahlung ist gef\u00e4hrlich, unsichtbar,<\/span><\/span><\/span><\/strong><\/div>\n<div><strong><span style=\"font-family: comic sans ms,sans-serif;\"><span style=\"color: rgb(255, 204, 0);\"><span style=\"font-size: 14pt;\">kein Geruch&nbsp;+ \u00fcber Jahrtausende aktiv&#8230;!<\/span><\/span><\/span><\/strong><\/div>\n<div>&nbsp;<\/div>\n<div><strong><span style=\"font-family: comic sans ms,sans-serif;\"><span style=\"color: rgb(51, 102, 255);\"><span style=\"font-size: 14pt;\">Besser Energie aus:<\/span><\/span><\/span><\/strong><\/div>\n<div><strong><span style=\"font-family: comic sans ms,sans-serif;\"><span style=\"color: rgb(51, 102, 255);\"><span style=\"font-size: 14pt;\">Wasser + Solar + Wind + Erdw\u00e4rme + Biomasse (Abfall)<\/span><\/span><\/span><\/strong><\/div>\n<div>&nbsp;<\/div>\n<div><strong><span style=\"font-family: comic sans ms,sans-serif;\"><span style=\"color: rgb(51, 153, 102);\"><span style=\"font-size: 14pt;\">Strombezug umstellen auf:<\/span><\/span><\/span><\/strong><\/div>\n<div><strong><span style=\"font-family: comic sans ms,sans-serif;\"><span style=\"color: rgb(51, 153, 102);\"><span style=\"font-size: 14pt;\">Wasser, Wind, Solar = Atomstrom Nein&nbsp;+ Stromsparen<\/span><\/span><\/span><\/strong><\/div>\n<div>&nbsp;<br \/>\n<strong><span style=\"font-family: comic sans ms,sans-serif;\"><span style=\"font-size: 14pt;\">Auch hier ist das Ziel mit Billigstrom kaum zu erreichen.<\/span><\/span><\/strong><\/div>\n<div><strong><span style=\"font-family: comic sans ms,sans-serif;\"><span style=\"font-size: 14pt;\">Darum in erneuerbare Energie investieren, danke.<\/span><\/span><\/strong><\/div>\n<div>&nbsp;<\/div>\n<div><span style=\"font-family: comic sans ms,sans-serif;\"><span style=\"font-size: 14pt;\"><strong><span style=\"color: rgb(255, 102, 0);\">Elektroger\u00e4te:<\/span><\/strong><\/span><\/span><br \/>\n<span style=\"font-family: comic sans ms,sans-serif;\"><span style=\"font-size: 14pt;\"><span style=\"color: rgb(255, 102, 0);\">Beim Ersatz bitte darauf acht geben, dass <strong>A+++<\/strong> gekauft wird.<\/span><\/span><\/span><\/div>\n<div><span style=\"font-family: comic sans ms,sans-serif;\"><span style=\"font-size: 14pt;\"><span style=\"color: rgb(255, 102, 0);\">Das zahlt sich&nbsp;mit tieferer Stromrechnung aus,<\/span><\/span><\/span><\/div>\n<div><span style=\"font-family: comic sans ms,sans-serif;\"><span style=\"font-size: 14pt;\"><span style=\"color: rgb(255, 102, 0);\">auch wenn im Moment der Kaufpreis h\u00f6her ist.<\/span><\/span><\/span><\/div>\n<div><span style=\"font-family: comic sans ms,sans-serif;\"><span style=\"font-size: 14pt;\"><span style=\"color: rgb(255, 102, 0);\">Diese Ger\u00e4te (<strong>A+++) werden oft <\/strong>zudem finanziell gef\u00f6rdert.<\/span><\/span><\/span><\/div>\n<div>&nbsp;<\/div>\n<div><span style=\"font-family: comic sans ms,sans-serif;\"><span style=\"font-size: 14pt;\"><span style=\"color: rgb(204, 153, 255);\">Zu Fuss oder mit dem \u00d6ffentlichen Verkehr<\/span><\/span><\/span><\/div>\n<div><span style=\"font-family: comic sans ms,sans-serif;\"><span style=\"font-size: 14pt;\"><span style=\"color: rgb(204, 153, 255);\"><strong>oder mindestens<\/strong> mit voll besetztem PW mobil sein,<\/span><\/span><\/span><\/div>\n<div><span style=\"font-family: comic sans ms,sans-serif;\"><span style=\"font-size: 14pt;\"><span style=\"color: rgb(204, 153, 255);\">ist ohne Komforteinbusse m\u00f6glich.<\/span><\/span><\/span><\/div>\n<div>&nbsp;<\/div>\n<div><span style=\"font-family: comic sans ms,sans-serif;\"><span style=\"font-size: 14pt;\"><span style=\"color: rgb(192, 192, 192);\">Haus-Sanierungen zahlen sich aus,<\/span><\/span><\/span><\/div>\n<div><span style=\"font-family: comic sans ms,sans-serif;\"><span style=\"font-size: 14pt;\"><span style=\"color: rgb(192, 192, 192);\">weniger teure Energie bringt tiefere Kosten:<\/span><\/span><\/span><\/div>\n<div><span style=\"font-family: comic sans ms,sans-serif;\"><span style=\"font-size: 14pt;\"><span style=\"color: rgb(192, 192, 192);\">Fenster (ev. nur Glas\/Dichtung)&nbsp;ersetzen, Neuisolation&#8230;<\/span><\/span><\/span><\/div>\n","protected":false},"excerpt":{"rendered":"<p>Atom-Strahlung ist gef\u00e4hrlich, unsichtbar, kein Geruch&nbsp;+ \u00fcber Jahrtausende aktiv&#8230;! &nbsp; Besser Energie aus: Wasser + Solar + Wind + Erdw\u00e4rme + Biomasse (Abfall) &nbsp; Strombezug umstellen auf: Wasser, Wind, Solar = Atomstrom Nein&nbsp;+ Stromsparen &nbsp; Auch hier ist das Ziel mit Billigstrom kaum zu erreichen. Darum in erneuerbare Energie investieren, danke. &nbsp; Elektroger\u00e4te: Beim Ersatz [&hellip;]<\/p>\n","protected":false},"author":1,"featured_media":0,"parent":4617,"menu_order":0,"comment_status":"closed","ping_status":"closed","template":"","meta":{"ngg_post_thumbnail":0,"footnotes":""},"class_list":["post-107","page","type-page","status-publish","hentry","post-preview"],"_links":{"self":[{"href":"https:\/\/www.naturweg.ch\/naturweg\/wp-json\/wp\/v2\/pages\/107","targetHints":{"allow":["GET"]}}],"collection":[{"href":"https:\/\/www.naturweg.ch\/naturweg\/wp-json\/wp\/v2\/pages"}],"about":[{"href":"https:\/\/www.naturweg.ch\/naturweg\/wp-json\/wp\/v2\/types\/page"}],"author":[{"embeddable":true,"href":"https:\/\/www.naturweg.ch\/naturweg\/wp-json\/wp\/v2\/users\/1"}],"replies":[{"embeddable":true,"href":"https:\/\/www.naturweg.ch\/naturweg\/wp-json\/wp\/v2\/comments?post=107"}],"version-history":[{"count":12,"href":"https:\/\/www.naturweg.ch\/naturweg\/wp-json\/wp\/v2\/pages\/107\/revisions"}],"predecessor-version":[{"id":548,"href":"https:\/\/www.naturweg.ch\/naturweg\/wp-json\/wp\/v2\/pages\/107\/revisions\/548"}],"up":[{"embeddable":true,"href":"https:\/\/www.naturweg.ch\/naturweg\/wp-json\/wp\/v2\/pages\/4617"}],"wp:attachment":[{"href":"https:\/\/www.naturweg.ch\/naturweg\/wp-json\/wp\/v2\/media?parent=107"}],"curies":[{"name":"wp","href":"https:\/\/api.w.org\/{rel}","templated":true}]}}